{"id":1428,"date":"2020-04-23T21:41:55","date_gmt":"2020-04-23T19:41:55","guid":{"rendered":"http:\/\/new.jfszymaniak.pl\/?page_id=1428"},"modified":"2024-04-17T16:29:13","modified_gmt":"2024-04-17T14:29:13","slug":"pasek-jfs-cielecy","status":"publish","type":"page","link":"http:\/\/jfszymaniak.pl\/en\/pasek-jfs-cielecy\/","title":{"rendered":"Pasek JFS Ciel\u0119cy"},"content":{"rendered":"<div class=\"vc_row wpb_row vc_row-fluid\"><div class=\"wpb_column vc_column_container vc_col-sm-6\"><div class=\"vc_column-inner\"><div class=\"wpb_wrapper\">\n<div class=\"vc_grid-container-wrapper vc_clearfix\">\n\t<div class=\"vc_grid-container vc_clearfix wpb_content_element vc_media_grid\" data-initial-loading-animation=\"none\" data-vc-grid-settings=\"{&quot;page_id&quot;:1428,&quot;style&quot;:&quot;pagination&quot;,&quot;action&quot;:&quot;vc_get_vc_grid_data&quot;,&quot;shortcode_id&quot;:&quot;1713364138706-413b6658-3cf8-2&quot;,&quot;items_per_page&quot;:&quot;12&quot;,&quot;auto_play&quot;:true,&quot;gap&quot;:5,&quot;speed&quot;:8000,&quot;loop&quot;:&quot;yes&quot;,&quot;animation_in&quot;:&quot;&quot;,&quot;animation_out&quot;:&quot;&quot;,&quot;arrows_design&quot;:&quot;none&quot;,&quot;arrows_color&quot;:&quot;blue&quot;,&quot;arrows_position&quot;:&quot;inside&quot;,&quot;paging_design&quot;:&quot;pagination_default&quot;,&quot;paging_color&quot;:&quot;black&quot;,&quot;tag&quot;:&quot;vc_media_grid&quot;}\" data-vc-request=\"https:\/\/jfszymaniak.pl\/wp-admin\/admin-ajax.php\" data-vc-post-id=\"1428\" data-vc-public-nonce=\"df90e75f8b\">\n\t\t\n\t<\/div>\n<\/div><\/div><\/div><\/div><div class=\"wpb_column vc_column_container vc_col-sm-6\"><div class=\"vc_column-inner\"><div class=\"wpb_wrapper\">\n\t<div class=\"wpb_text_column wpb_content_element\" >\n\t\t<div class=\"wpb_wrapper\">\n\t\t\t<h3><strong>Pasek JFS Ciel\u0119cy<\/strong><\/h3>\n<p>pochodz\u0105ce w wi\u0119kszo\u015bci z toska\u0144skich garbarni, specjalizuj\u0105cych si\u0119 w ich produkcji od ponad wieku, maj\u0105 wspania\u0142y zapach naturalnych garbnik\u00f3w, wysokiej klasy naturalne lico oraz idealn\u0105 zwi\u0119z\u0142\u0105 struktur\u0119.<\/p>\n<h3>Cena: od 700 z\u0142<\/h3>\n\n\t\t<\/div>\n\t<\/div>\n<div class=\"default vc_btn3-container vc_btn3-inline\" >\n\t<a class=\"vc_general vc_btn3 vc_btn3-size-md vc_btn3-shape-square vc_btn3-style-classic vc_btn3-color-black\" href=\"http:\/\/new.jfszymaniak.pl\/zamowienie\/\" title=\"Zam\u00f3wienie\">ZAM\u00d3W<\/a><\/div>\n<\/div><\/div><\/div><\/div>","protected":false},"excerpt":{"rendered":"Pasek JFS Ciel\u0119cy pochodz\u0105ce w wi\u0119kszo\u015bci z toska\u0144skich garbarni, specjalizuj\u0105cych si\u0119 w ich produkcji od ponad wieku, maj\u0105 wspania\u0142y zapach naturalnych garbnik\u00f3w, wysokiej klasy naturalne lico oraz idealn\u0105 zwi\u0119z\u0142\u0105 struktur\u0119. Cena: od 700 z\u0142 ZAM\u00d3W","protected":false},"author":3,"featured_media":0,"parent":0,"menu_order":0,"comment_status":"closed","ping_status":"closed","template":"","meta":{"_monsterinsights_skip_tracking":false,"_monsterinsights_sitenote_active":false,"_monsterinsights_sitenote_note":"","_monsterinsights_sitenote_category":0,"footnotes":""},"class_list":["post-1428","page","type-page","status-publish","hentry","clearfix"],"_links":{"self":[{"href":"http:\/\/jfszymaniak.pl\/en\/wp-json\/wp\/v2\/pages\/1428","targetHints":{"allow":["GET"]}}],"collection":[{"href":"http:\/\/jfszymaniak.pl\/en\/wp-json\/wp\/v2\/pages"}],"about":[{"href":"http:\/\/jfszymaniak.pl\/en\/wp-json\/wp\/v2\/types\/page"}],"author":[{"embeddable":true,"href":"http:\/\/jfszymaniak.pl\/en\/wp-json\/wp\/v2\/users\/3"}],"replies":[{"embeddable":true,"href":"http:\/\/jfszymaniak.pl\/en\/wp-json\/wp\/v2\/comments?post=1428"}],"version-history":[{"count":7,"href":"http:\/\/jfszymaniak.pl\/en\/wp-json\/wp\/v2\/pages\/1428\/revisions"}],"predecessor-version":[{"id":2546,"href":"http:\/\/jfszymaniak.pl\/en\/wp-json\/wp\/v2\/pages\/1428\/revisions\/2546"}],"wp:attachment":[{"href":"http:\/\/jfszymaniak.pl\/en\/wp-json\/wp\/v2\/media?parent=1428"}],"curies":[{"name":"wp","href":"https:\/\/api.w.org\/{rel}","templated":true}]}}