{"id":2240,"date":"2021-05-03T17:19:20","date_gmt":"2021-05-03T15:19:20","guid":{"rendered":"https:\/\/jfszymaniak.pl\/?page_id=2240"},"modified":"2024-06-14T21:05:38","modified_gmt":"2024-06-14T19:05:38","slug":"paski-dostepna-od-reki","status":"publish","type":"page","link":"http:\/\/jfszymaniak.pl\/en\/paski-dostepna-od-reki\/","title":{"rendered":"Paski dost\u0119pne od r\u0119ki"},"content":{"rendered":"<div class=\"vc_row wpb_row vc_row-fluid\"><div class=\"wpb_column vc_column_container vc_col-sm-12\"><div class=\"vc_column-inner\"><div class=\"wpb_wrapper\">\n\t<div class=\"wpb_text_column wpb_content_element\" >\n\t\t<div class=\"wpb_wrapper\">\n\t\t\t<h2 style=\"text-align: center;\">Zapraszamy do zakupu pask\u00f3w dost\u0119pnych od r\u0119ki.<br \/>\nW celu zakupu napisz do nas maila, zadzwo\u0144 lub wype\u0142nij formularz kontaktowy.<\/h2>\n\n\t\t<\/div>\n\t<\/div>\n<div class=\"vc_separator wpb_content_element vc_separator_align_center vc_sep_width_100 vc_sep_pos_align_center vc_separator_no_text vc_sep_color_grey\" ><span class=\"vc_sep_holder vc_sep_holder_l\"><span  class=\"vc_sep_line\"><\/span><\/span><span class=\"vc_sep_holder vc_sep_holder_r\"><span  class=\"vc_sep_line\"><\/span><\/span>\n<\/div><\/div><\/div><\/div><\/div><div class=\"vc_row wpb_row vc_row-fluid\"><div class=\"wpb_column vc_column_container vc_col-sm-6\"><div class=\"vc_column-inner\"><div class=\"wpb_wrapper\">\n<div class=\"vc_grid-container-wrapper vc_clearfix\">\n\t<div class=\"vc_grid-container vc_clearfix wpb_content_element vc_media_grid\" data-initial-loading-animation=\"none\" data-vc-grid-settings=\"{&quot;page_id&quot;:2240,&quot;style&quot;:&quot;pagination&quot;,&quot;action&quot;:&quot;vc_get_vc_grid_data&quot;,&quot;shortcode_id&quot;:&quot;1718391785786-2db6268f-71da-9&quot;,&quot;items_per_page&quot;:&quot;12&quot;,&quot;auto_play&quot;:true,&quot;gap&quot;:5,&quot;speed&quot;:8000,&quot;loop&quot;:&quot;&quot;,&quot;animation_in&quot;:&quot;&quot;,&quot;animation_out&quot;:&quot;&quot;,&quot;arrows_design&quot;:&quot;none&quot;,&quot;arrows_color&quot;:&quot;blue&quot;,&quot;arrows_position&quot;:&quot;inside&quot;,&quot;paging_design&quot;:&quot;none&quot;,&quot;paging_color&quot;:&quot;grey&quot;,&quot;tag&quot;:&quot;vc_media_grid&quot;}\" data-vc-request=\"https:\/\/jfszymaniak.pl\/wp-admin\/admin-ajax.php\" data-vc-post-id=\"2240\" data-vc-public-nonce=\"df90e75f8b\">\n\t\t\n\t<\/div>\n<\/div><\/div><\/div><\/div><div class=\"wpb_column vc_column_container vc_col-sm-6\"><div class=\"vc_column-inner\"><div class=\"wpb_wrapper\">\n\t<div class=\"wpb_text_column wpb_content_element\" >\n\t\t<div class=\"wpb_wrapper\">\n\t\t\t<p>Pasek JFS Vintage z punc\u0105 JFS, wykonany ze sk\u00f3ry garbowanej ro\u015blinnie, w kolorze miodowym, dedykowany do zegark\u00f3w Panerai i innych z rozstawem 24mm. R\u0119czne szycie w kolorze sk\u00f3ry. Pasek dla tych kt\u00f3rzy nie lubi\u0105 grubych pask\u00f3w &#8211; jedynie 2.5mm grubo\u015bci przy klasycznym stylu ammo.<\/p>\n<p>Stan &#8211; nowy.<\/p>\n<div dir=\"auto\">Pasek 24x24mm<\/div>\n<div dir=\"auto\">D\u0142ugo\u015b\u0107: 130x80mm<\/div>\n<div dir=\"auto\"><\/div>\n<div dir=\"auto\"><strong>Cena: 450pln<\/strong><\/div>\n\n\t\t<\/div>\n\t<\/div>\n<div class=\"default vc_btn3-container vc_btn3-inline\" >\n\t<a class=\"vc_general vc_btn3 vc_btn3-size-md vc_btn3-shape-square vc_btn3-style-classic vc_btn3-color-black\" href=\"https:\/\/jfszymaniak.pl\/en\/contact-us\/\" title=\"Kontakt\">KUP Teraz<\/a><\/div>\n<\/div><\/div><\/div><\/div><div class=\"vc_row wpb_row vc_row-fluid\"><div class=\"wpb_column vc_column_container vc_col-sm-6\"><div class=\"vc_column-inner\"><div class=\"wpb_wrapper\">\n<div class=\"vc_grid-container-wrapper vc_clearfix\">\n\t<div class=\"vc_grid-container vc_clearfix wpb_content_element vc_media_grid\" data-initial-loading-animation=\"none\" data-vc-grid-settings=\"{&quot;page_id&quot;:2240,&quot;style&quot;:&quot;pagination&quot;,&quot;action&quot;:&quot;vc_get_vc_grid_data&quot;,&quot;shortcode_id&quot;:&quot;1718391785792-bdeb0256-fd74-3&quot;,&quot;items_per_page&quot;:&quot;12&quot;,&quot;auto_play&quot;:true,&quot;gap&quot;:5,&quot;speed&quot;:8000,&quot;loop&quot;:&quot;&quot;,&quot;animation_in&quot;:&quot;&quot;,&quot;animation_out&quot;:&quot;&quot;,&quot;arrows_design&quot;:&quot;none&quot;,&quot;arrows_color&quot;:&quot;blue&quot;,&quot;arrows_position&quot;:&quot;inside&quot;,&quot;paging_design&quot;:&quot;none&quot;,&quot;paging_color&quot;:&quot;grey&quot;,&quot;tag&quot;:&quot;vc_media_grid&quot;}\" data-vc-request=\"https:\/\/jfszymaniak.pl\/wp-admin\/admin-ajax.php\" data-vc-post-id=\"2240\" data-vc-public-nonce=\"df90e75f8b\">\n\t\t\n\t<\/div>\n<\/div><\/div><\/div><\/div><div class=\"wpb_column vc_column_container vc_col-sm-6\"><div class=\"vc_column-inner\"><div class=\"wpb_wrapper\">\n\t<div class=\"wpb_text_column wpb_content_element\" >\n\t\t<div class=\"wpb_wrapper\">\n\t\t\t<p>Pasek wykonany ze sk\u00f3ry Krokodyla Nilowego w kolorze koniakowym, dedykowany do zegark\u00f3w Panerai. Pi\u0119kne klasyczne du\u017ce \u0142uski. Odporna na wod\u0119 i pot podszewka Zermatt. Stan &#8211; nowy nieu\u017cywany.<\/p>\n<div dir=\"auto\">Pasek 26x22mm<\/div>\n<div dir=\"auto\">D\u0142ugo\u015b\u0107: 105x75mm<\/div>\n<div dir=\"auto\"><\/div>\n<div dir=\"auto\"><strong>Cena: 800pln<\/strong><\/div>\n\n\t\t<\/div>\n\t<\/div>\n<div class=\"default vc_btn3-container vc_btn3-inline\" >\n\t<a class=\"vc_general vc_btn3 vc_btn3-size-md vc_btn3-shape-square vc_btn3-style-classic vc_btn3-color-black\" href=\"https:\/\/jfszymaniak.pl\/en\/contact-us\/\" title=\"Kontakt\">KUP Teraz<\/a><\/div>\n<\/div><\/div><\/div><\/div><div class=\"vc_row wpb_row vc_row-fluid\"><div class=\"wpb_column vc_column_container vc_col-sm-6\"><div class=\"vc_column-inner\"><div class=\"wpb_wrapper\">\n<div class=\"vc_grid-container-wrapper vc_clearfix\">\n\t<div class=\"vc_grid-container vc_clearfix wpb_content_element vc_media_grid\" data-initial-loading-animation=\"none\" data-vc-grid-settings=\"{&quot;page_id&quot;:2240,&quot;style&quot;:&quot;pagination&quot;,&quot;action&quot;:&quot;vc_get_vc_grid_data&quot;,&quot;shortcode_id&quot;:&quot;1718391785795-a5ebafe9-e51b-6&quot;,&quot;items_per_page&quot;:&quot;12&quot;,&quot;auto_play&quot;:true,&quot;gap&quot;:5,&quot;speed&quot;:8000,&quot;loop&quot;:&quot;&quot;,&quot;animation_in&quot;:&quot;&quot;,&quot;animation_out&quot;:&quot;&quot;,&quot;arrows_design&quot;:&quot;none&quot;,&quot;arrows_color&quot;:&quot;blue&quot;,&quot;arrows_position&quot;:&quot;inside&quot;,&quot;paging_design&quot;:&quot;none&quot;,&quot;paging_color&quot;:&quot;grey&quot;,&quot;tag&quot;:&quot;vc_media_grid&quot;}\" data-vc-request=\"https:\/\/jfszymaniak.pl\/wp-admin\/admin-ajax.php\" data-vc-post-id=\"2240\" data-vc-public-nonce=\"df90e75f8b\">\n\t\t\n\t<\/div>\n<\/div><\/div><\/div><\/div><div class=\"wpb_column vc_column_container vc_col-sm-6\"><div class=\"vc_column-inner\"><div class=\"wpb_wrapper\">\n\t<div class=\"wpb_text_column wpb_content_element\" >\n\t\t<div class=\"wpb_wrapper\">\n\t\t\t<p>Pasek wykonany ze sk\u00f3ry Aligatora w unikalnym wybarwieniu br\u0105z-burgund, dedykowany do zegark\u00f3w Panerai. Wyko\u0144czenie sk\u00f3ry Agat &#8211; jedno z najpi\u0119kniejszych, mechanicznie nanoszony po\u0142ysk sk\u00f3ry Pi\u0119kne klasyczne du\u017ce \u0142uski aligatora. Dziurki na j\u0119zyczek b\u0119d\u0105 wykonane po zakupie. Odporna na wod\u0119 i potem podszewk\u0105 Zermatt. Stan &#8211; nowy nieu\u017cywany.<\/p>\n<div dir=\"auto\">Pasek 26x22mm<\/div>\n<div dir=\"auto\">D\u0142ugo\u015b\u0107: 120x80mm<\/div>\n<div dir=\"auto\">Pasek dostarczany z klamr\u0105.<\/div>\n<div dir=\"auto\"><\/div>\n<div dir=\"auto\"><strong>Cena: 900pln<\/strong><\/div>\n\n\t\t<\/div>\n\t<\/div>\n<div class=\"default vc_btn3-container vc_btn3-inline\" >\n\t<a class=\"vc_general vc_btn3 vc_btn3-size-md vc_btn3-shape-square vc_btn3-style-classic vc_btn3-color-black\" href=\"https:\/\/jfszymaniak.pl\/en\/contact-us\/\" title=\"Kontakt\">KUP Teraz<\/a><\/div>\n<\/div><\/div><\/div><\/div><div class=\"vc_row wpb_row vc_row-fluid\"><div class=\"wpb_column vc_column_container vc_col-sm-6\"><div class=\"vc_column-inner\"><div class=\"wpb_wrapper\">\n<div class=\"vc_grid-container-wrapper vc_clearfix\">\n\t<div class=\"vc_grid-container vc_clearfix wpb_content_element vc_media_grid\" data-initial-loading-animation=\"none\" data-vc-grid-settings=\"{&quot;page_id&quot;:2240,&quot;style&quot;:&quot;pagination&quot;,&quot;action&quot;:&quot;vc_get_vc_grid_data&quot;,&quot;shortcode_id&quot;:&quot;1718391785796-9febc600-aec3-6&quot;,&quot;items_per_page&quot;:&quot;12&quot;,&quot;auto_play&quot;:true,&quot;gap&quot;:5,&quot;speed&quot;:8000,&quot;loop&quot;:&quot;&quot;,&quot;animation_in&quot;:&quot;&quot;,&quot;animation_out&quot;:&quot;&quot;,&quot;arrows_design&quot;:&quot;none&quot;,&quot;arrows_color&quot;:&quot;blue&quot;,&quot;arrows_position&quot;:&quot;inside&quot;,&quot;paging_design&quot;:&quot;none&quot;,&quot;paging_color&quot;:&quot;grey&quot;,&quot;tag&quot;:&quot;vc_media_grid&quot;}\" data-vc-request=\"https:\/\/jfszymaniak.pl\/wp-admin\/admin-ajax.php\" data-vc-post-id=\"2240\" data-vc-public-nonce=\"df90e75f8b\">\n\t\t\n\t<\/div>\n<\/div><\/div><\/div><\/div><div class=\"wpb_column vc_column_container vc_col-sm-6\"><div class=\"vc_column-inner\"><div class=\"wpb_wrapper\">\n\t<div class=\"wpb_text_column wpb_content_element\" >\n\t\t<div class=\"wpb_wrapper\">\n\t\t\t<p>Pasek z pi\u0119knej topowej sk\u00f3ry aligatora w czerwonym kolorze. R\u0119cznie szyty nici\u0105 w kolorze sk\u00f3ry. Z czasem sk\u00f3ra si\u0119 patynuje nabieraj\u0105c indywidualnego charakteru.<\/p>\n<p>Stan: sampel<\/p>\n<div dir=\"auto\">Rozmiar 18x14mm<\/div>\n<div dir=\"auto\">D\u0142ugo\u015b\u0107: 120x75mm<\/div>\n<div dir=\"auto\">Dedykowany do: Patek Ellipse i inne Patki<\/div>\n<div dir=\"auto\"><\/div>\n<div dir=\"auto\"><strong>Cena: 600pln<\/strong><\/div>\n\n\t\t<\/div>\n\t<\/div>\n<div class=\"default vc_btn3-container vc_btn3-inline\" >\n\t<a class=\"vc_general vc_btn3 vc_btn3-size-md vc_btn3-shape-square vc_btn3-style-classic vc_btn3-color-black\" href=\"https:\/\/jfszymaniak.pl\/en\/contact-us\/\" title=\"Kontakt\">KUP Teraz<\/a><\/div>\n<\/div><\/div><\/div><\/div><div class=\"vc_row wpb_row vc_row-fluid\"><div class=\"wpb_column vc_column_container vc_col-sm-6\"><div class=\"vc_column-inner\"><div class=\"wpb_wrapper\">\n<div class=\"vc_grid-container-wrapper vc_clearfix\">\n\t<div class=\"vc_grid-container vc_clearfix wpb_content_element vc_media_grid\" data-initial-loading-animation=\"none\" data-vc-grid-settings=\"{&quot;page_id&quot;:2240,&quot;style&quot;:&quot;pagination&quot;,&quot;action&quot;:&quot;vc_get_vc_grid_data&quot;,&quot;shortcode_id&quot;:&quot;1718391785801-53116a5e-c0a6-3&quot;,&quot;items_per_page&quot;:&quot;12&quot;,&quot;auto_play&quot;:true,&quot;gap&quot;:5,&quot;speed&quot;:8000,&quot;loop&quot;:&quot;&quot;,&quot;animation_in&quot;:&quot;&quot;,&quot;animation_out&quot;:&quot;&quot;,&quot;arrows_design&quot;:&quot;none&quot;,&quot;arrows_color&quot;:&quot;blue&quot;,&quot;arrows_position&quot;:&quot;inside&quot;,&quot;paging_design&quot;:&quot;none&quot;,&quot;paging_color&quot;:&quot;grey&quot;,&quot;tag&quot;:&quot;vc_media_grid&quot;}\" data-vc-request=\"https:\/\/jfszymaniak.pl\/wp-admin\/admin-ajax.php\" data-vc-post-id=\"2240\" data-vc-public-nonce=\"df90e75f8b\">\n\t\t\n\t<\/div>\n<\/div><\/div><\/div><\/div><div class=\"wpb_column vc_column_container vc_col-sm-6\"><div class=\"vc_column-inner\"><div class=\"wpb_wrapper\">\n\t<div class=\"wpb_text_column wpb_content_element\" >\n\t\t<div class=\"wpb_wrapper\">\n\t\t\t<p>Pasek z unikatowej sk\u00f3ry krokodyla w zielonym fluorescencyjnym kolorze. R\u0119cznie szyty nici\u0105 w kolorze fluo zielony. Sp\u00f3d z zielonego kauczuku.<\/p>\n<p>Pasek ma charakterystyczn\u0105 budow\u0119 ( by\u0142 robiony do zegarka ball z podw\u00f3jnymi teleskopami) i ma szerokie p\u0142askie otwory na podw\u00f3jne teleskopy\/lub grube piny i rurki oraz ma du\u017co materia\u0142u wok\u00f3\u0142 i nadaje si\u0119 do zegark\u00f3w kt\u00f3re maj\u0105 du\u017co miejsca mi\u0119dzy teleskopem a kopert\u0105.<\/p>\n<p>Stan: sampel<\/p>\n<div dir=\"auto\">Rozmiar 21x20mm<\/div>\n<div dir=\"auto\">D\u0142ugo\u015b\u0107: 124x82mm<\/div>\n<div dir=\"auto\">Pasek dostarczany z klamr\u0105.<\/div>\n<div dir=\"auto\">Dedykowany do: Ball, Tudor Black Bay<\/div>\n<div dir=\"auto\"><\/div>\n<div dir=\"auto\"><strong>Cena: 600pln<\/strong><\/div>\n\n\t\t<\/div>\n\t<\/div>\n<div class=\"default vc_btn3-container vc_btn3-inline\" >\n\t<a class=\"vc_general vc_btn3 vc_btn3-size-md vc_btn3-shape-square vc_btn3-style-classic vc_btn3-color-black\" href=\"https:\/\/jfszymaniak.pl\/en\/contact-us\/\" title=\"Kontakt\">KUP Teraz<\/a><\/div>\n<\/div><\/div><\/div><\/div>","protected":false},"excerpt":{"rendered":"Zapraszamy do zakupu pask\u00f3w dost\u0119pnych od r\u0119ki. W celu zakupu napisz do nas maila, zadzwo\u0144 lub wype\u0142nij formularz kontaktowy. Pasek JFS Vintage z punc\u0105 JFS, wykonany ze sk\u00f3ry garbowanej ro\u015blinnie, w kolorze miodowym, dedykowany do zegark\u00f3w Panerai i innych z rozstawem 24mm. R\u0119czne szycie w kolorze sk\u00f3ry. Pasek dla tych kt\u00f3rzy nie lubi\u0105 grubych pask\u00f3w [...]","protected":false},"author":2,"featured_media":0,"parent":0,"menu_order":0,"comment_status":"closed","ping_status":"closed","template":"","meta":{"_monsterinsights_skip_tracking":false,"_monsterinsights_sitenote_active":false,"_monsterinsights_sitenote_note":"","_monsterinsights_sitenote_category":0,"footnotes":""},"class_list":["post-2240","page","type-page","status-publish","hentry","clearfix"],"_links":{"self":[{"href":"http:\/\/jfszymaniak.pl\/en\/wp-json\/wp\/v2\/pages\/2240","targetHints":{"allow":["GET"]}}],"collection":[{"href":"http:\/\/jfszymaniak.pl\/en\/wp-json\/wp\/v2\/pages"}],"about":[{"href":"http:\/\/jfszymaniak.pl\/en\/wp-json\/wp\/v2\/types\/page"}],"author":[{"embeddable":true,"href":"http:\/\/jfszymaniak.pl\/en\/wp-json\/wp\/v2\/users\/2"}],"replies":[{"embeddable":true,"href":"http:\/\/jfszymaniak.pl\/en\/wp-json\/wp\/v2\/comments?post=2240"}],"version-history":[{"count":12,"href":"http:\/\/jfszymaniak.pl\/en\/wp-json\/wp\/v2\/pages\/2240\/revisions"}],"predecessor-version":[{"id":2553,"href":"http:\/\/jfszymaniak.pl\/en\/wp-json\/wp\/v2\/pages\/2240\/revisions\/2553"}],"wp:attachment":[{"href":"http:\/\/jfszymaniak.pl\/en\/wp-json\/wp\/v2\/media?parent=2240"}],"curies":[{"name":"wp","href":"https:\/\/api.w.org\/{rel}","templated":true}]}}