{"id":1355,"date":"2020-04-23T13:02:10","date_gmt":"2020-04-23T12:02:10","guid":{"rendered":"http:\/\/new.jfszymaniak.pl\/?page_id=1355"},"modified":"2020-06-12T13:39:22","modified_gmt":"2020-06-12T11:39:22","slug":"footer-2-test","status":"publish","type":"page","link":"https:\/\/jfszymaniak.pl\/en\/footer-2-test\/","title":{"rendered":"footer 2 test"},"content":{"rendered":"<div data-vc-full-width=\"true\" data-vc-full-width-init=\"false\" class=\"vc_row wpb_row vc_row-fluid vc_custom_1519370700661 vc_row-has-fill\"><div class=\"wpb_column vc_column_container vc_col-sm-12\"><div class=\"vc_column-inner\"><div class=\"wpb_wrapper\"><div class=\"vc_row wpb_row vc_inner vc_row-fluid\"><div class=\"wpb_column vc_column_container vc_col-sm-6\"><div class=\"vc_column-inner\"><div class=\"wpb_wrapper\">\n\t<div  class=\"wpb_single_image wpb_content_element vc_align_left  vc_custom_1587642419103\">\n\t\t\n\t\t<figure class=\"wpb_wrapper vc_figure\">\n\t\t\t<div class=\"vc_single_image-wrapper   vc_box_border_grey\"><img loading=\"lazy\" decoding=\"async\" width=\"120\" height=\"40\" src=\"https:\/\/jfszymaniak.pl\/wp-content\/uploads\/2020\/04\/logo_jfs.png\" class=\"vc_single_image-img attachment-full\" alt=\"\" \/><\/div>\n\t\t<\/figure>\n\t<\/div>\n                        <div class=\"\">\n                <div class=\"footer-link-shortcode-wrap style_2\">\n    <div class=\"footer-link-content\">\n        <ul class=\"link-list\">\n                                                    <li>\n                        <a href=\"http:\/\/jfszymaniak.pl\/en\/about-us\/\" target=\"_self\">O mnie<\/a>\n                    <\/li>\n                                                                        <li>\n                        <a href=\"http:\/\/jfszymaniak.pl\/en\/blog\/\" target=\"_self\">Blog<\/a>\n                    <\/li>\n                                                                        <li>\n                        <a href=\"http:\/\/jfszymaniak.pl\/en\/paski-zegarki-ubior-dopasanie\/\" target=\"_self\">Paski, zegarki, ubi\u00f3r, dopasanie.<\/a>\n                    <\/li>\n                                                                        <li>\n                        <a href=\"http:\/\/jfszymaniak.pl\/en\/zamowienie\/\" target=\"_self\">Zam\u00f3wienie<\/a>\n                    <\/li>\n                                                                        <li>\n                        <a href=\"http:\/\/jfszymaniak.pl\/en\/contact-us\/\" target=\"_self\">Kontakt<\/a>\n                    <\/li>\n                                                                        <li>\n                        <a href=\"http:\/\/jfszymaniak.pl\/en\/privacy-policy\/\" target=\"_self\">POLITYKA BEZPIECZE\u0143STWA<\/a>\n                    <\/li>\n                                                                        <li>\n                        <a href=\"http:\/\/jfszymaniak.pl\/en\/regulamin-sklepu-internetowego\/\" target=\"_self\">Regulamin sklepu<\/a>\n                    <\/li>\n                                        <\/ul>\n    <\/div>\n<\/div>            <\/div>\n                                            <div class=\"\">\n                <div class=\"footer-social-shortcode-wrap style_1\">\n    <div class=\"footer-social-content\">\n        <ul class=\"social-list align-left\">\n                                                    <li>\n                        <a href=\"https:\/\/www.facebook.com\/JakubFilipSzymaniak\/\" target=\" _blank\"><i class=\"fab fa-facebook-square\"><\/i><\/a>\n                    <\/li>\n                                                                        <li>\n                        <a href=\"https:\/\/instagram.com\/jfs.leather\" target=\" _blank\"><i class=\"fab fa-instagram\"><\/i><\/a>\n                    <\/li>\n                                        <\/ul>\n    <\/div>\n<\/div>            <\/div>\n                    <\/div><\/div><\/div><div class=\"wpb_column vc_column_container vc_col-sm-6\"><div class=\"vc_column-inner\"><div class=\"wpb_wrapper\"><h2 style=\"font-size: 34px;text-align: center\" class=\"vc_custom_heading heading_style_1\">Zapisz si\u0119 do newslettera<\/h2><p style=\"text-align: center\" class=\"vc_custom_heading vc_custom_1587640223688 default\">Wpisz Sw\u00f3j adres email aby otrzymywa\u0107 od nas oferty promocyjne i najnowsze informacje.<\/p>\n\t<div class=\"wpb_text_column wpb_content_element\" >\n\t\t<div class=\"wpb_wrapper\">\n\t\t\t<script>(function() {\n\twindow.mc4wp = window.mc4wp || {\n\t\tlisteners: [],\n\t\tforms: {\n\t\t\ton: function(evt, cb) {\n\t\t\t\twindow.mc4wp.listeners.push(\n\t\t\t\t\t{\n\t\t\t\t\t\tevent   : evt,\n\t\t\t\t\t\tcallback: cb\n\t\t\t\t\t}\n\t\t\t\t);\n\t\t\t}\n\t\t}\n\t}\n})();\n<\/script><!-- Mailchimp for WordPress v4.10.9 - https:\/\/wordpress.org\/plugins\/mailchimp-for-wp\/ --><form id=\"mc4wp-form-1\" class=\"mc4wp-form mc4wp-form-31\" method=\"post\" data-id=\"31\" data-name=\"Subscribe Default\" action=\"\" ><div class=\"mc4wp-form-fields\"><div class=\"subscribe-default\">\t\r\n  \t<div class=\"subscribe-email\">\r\n        <input type=\"email\" name=\"EMAIL\" placeholder=\"Email *\" required \/>\r\n    <\/div>\r\n\r\n<p>\r\n    <label>\r\n        <input name=\"AGREE_TO_TERMS\" type=\"checkbox\" value=\"1\" required=\"\"> <a href=\"https:\/\/jfszymaniak.pl\/en\/privacy-policy\/\" target=\"_blank\">Przeczyta\u0142em i akceptuje polityk\u0119 bezpiecze\u0144stwa strony<\/a>\r\n    <\/label>\r\n<\/p>\r\n\r\n    <div class=\"subscribe-submit\">\r\n        <input type=\"submit\" value=\"Zapisz\" \/>\r\n    <\/div>\r\n<\/div><\/div><label style=\"display: none !important;\">Leave this field empty if you're human: <input type=\"text\" name=\"_mc4wp_honeypot\" value=\"\" tabindex=\"-1\" autocomplete=\"off\" \/><\/label><input type=\"hidden\" name=\"_mc4wp_timestamp\" value=\"1777502306\" \/><input type=\"hidden\" name=\"_mc4wp_form_id\" value=\"31\" \/><input type=\"hidden\" name=\"_mc4wp_form_element_id\" value=\"mc4wp-form-1\" \/><div class=\"mc4wp-response\"><\/div><input type=\"hidden\" name=\"trp-form-language\" value=\"en\"\/><\/form><!-- \/ Mailchimp for WordPress Plugin -->\n\n\t\t<\/div>\n\t<\/div>\n<\/div><\/div><\/div><\/div><\/div><\/div><\/div><\/div><div class=\"vc_row-full-width vc_clearfix\"><\/div><div data-vc-full-width=\"true\" data-vc-full-width-init=\"false\" class=\"vc_row wpb_row vc_row-fluid\"><div class=\"wpb_column vc_column_container vc_col-sm-12\"><div class=\"vc_column-inner\"><div class=\"wpb_wrapper\"><div class=\"vc_row wpb_row vc_inner vc_row-fluid vc_custom_1519370706665\"><div class=\"wpb_column vc_column_container vc_col-sm-8\"><div class=\"vc_column-inner\"><div class=\"wpb_wrapper\"><p style=\"color: #999999;text-align: left\" class=\"vc_custom_heading default\">\u00a9 Copyright 2020 J.F.Szymaniak<\/p><\/div><\/div><\/div><\/div><\/div><\/div><\/div><\/div><div class=\"vc_row-full-width vc_clearfix\"><\/div>","protected":false},"excerpt":{"rendered":"O mnie Blog Paski, zegarki, ubi\u00f3r, dopasanie. Zam\u00f3wienie Kontakt POLITYKA BEZPIECZE\u0143STWA Regulamin sklepu Zapisz si\u0119 do newsletteraWpisz Sw\u00f3j adres email aby otrzymywa\u0107 od nas oferty promocyjne i najnowsze informacje. Przeczyta\u0142em i akceptuje polityk\u0119 bezpiecze\u0144stwa strony Leave this field empty if you're human: \u00a9 Copyright 2020 J.F.Szymaniak","protected":false},"author":3,"featured_media":0,"parent":0,"menu_order":0,"comment_status":"closed","ping_status":"closed","template":"","meta":{"_monsterinsights_skip_tracking":false,"_monsterinsights_sitenote_active":false,"_monsterinsights_sitenote_note":"","_monsterinsights_sitenote_category":0,"footnotes":""},"class_list":["post-1355","page","type-page","status-publish","hentry","clearfix"],"_links":{"self":[{"href":"https:\/\/jfszymaniak.pl\/en\/wp-json\/wp\/v2\/pages\/1355","targetHints":{"allow":["GET"]}}],"collection":[{"href":"https:\/\/jfszymaniak.pl\/en\/wp-json\/wp\/v2\/pages"}],"about":[{"href":"https:\/\/jfszymaniak.pl\/en\/wp-json\/wp\/v2\/types\/page"}],"author":[{"embeddable":true,"href":"https:\/\/jfszymaniak.pl\/en\/wp-json\/wp\/v2\/users\/3"}],"replies":[{"embeddable":true,"href":"https:\/\/jfszymaniak.pl\/en\/wp-json\/wp\/v2\/comments?post=1355"}],"version-history":[{"count":5,"href":"https:\/\/jfszymaniak.pl\/en\/wp-json\/wp\/v2\/pages\/1355\/revisions"}],"predecessor-version":[{"id":1898,"href":"https:\/\/jfszymaniak.pl\/en\/wp-json\/wp\/v2\/pages\/1355\/revisions\/1898"}],"wp:attachment":[{"href":"https:\/\/jfszymaniak.pl\/en\/wp-json\/wp\/v2\/media?parent=1355"}],"curies":[{"name":"wp","href":"https:\/\/api.w.org\/{rel}","templated":true}]}}