{"id":1421,"date":"2020-04-23T21:18:38","date_gmt":"2020-04-23T19:18:38","guid":{"rendered":"http:\/\/new.jfszymaniak.pl\/?page_id=1421"},"modified":"2024-04-17T16:27:05","modified_gmt":"2024-04-17T14:27:05","slug":"pasek-jfs-aligator","status":"publish","type":"page","link":"https:\/\/jfszymaniak.pl\/en\/pasek-jfs-aligator\/","title":{"rendered":"Pasek JFS Aligator"},"content":{"rendered":"<div class=\"vc_row wpb_row vc_row-fluid\"><div class=\"wpb_column vc_column_container vc_col-sm-6\"><div class=\"vc_column-inner\"><div class=\"wpb_wrapper\">\n<div class=\"vc_grid-container-wrapper vc_clearfix\">\n\t<div class=\"vc_grid-container vc_clearfix wpb_content_element vc_media_grid\" data-initial-loading-animation=\"none\" data-vc-grid-settings=\"{&quot;page_id&quot;:1421,&quot;style&quot;:&quot;pagination&quot;,&quot;action&quot;:&quot;vc_get_vc_grid_data&quot;,&quot;shortcode_id&quot;:&quot;1713364008111-2abb8d8a-f72f-9&quot;,&quot;items_per_page&quot;:&quot;12&quot;,&quot;auto_play&quot;:true,&quot;gap&quot;:5,&quot;speed&quot;:8000,&quot;loop&quot;:&quot;yes&quot;,&quot;animation_in&quot;:&quot;&quot;,&quot;animation_out&quot;:&quot;&quot;,&quot;arrows_design&quot;:&quot;none&quot;,&quot;arrows_color&quot;:&quot;blue&quot;,&quot;arrows_position&quot;:&quot;inside&quot;,&quot;paging_design&quot;:&quot;pagination_default&quot;,&quot;paging_color&quot;:&quot;black&quot;,&quot;tag&quot;:&quot;vc_media_grid&quot;}\" data-vc-request=\"https:\/\/jfszymaniak.pl\/wp-admin\/admin-ajax.php\" data-vc-post-id=\"1421\" data-vc-public-nonce=\"89f0af416d\">\n\t\t\n\t<\/div>\n<\/div><\/div><\/div><\/div><div class=\"wpb_column vc_column_container vc_col-sm-6\"><div class=\"vc_column-inner\"><div class=\"wpb_wrapper\">\n\t<div class=\"wpb_text_column wpb_content_element\" >\n\t\t<div class=\"wpb_wrapper\">\n\t\t\t<p><strong>Pasek JFS Aligator<\/strong><\/p>\n<p>uznawany za najbardziej ekskluzywn\u0105 sk\u00f3r\u0119, jest niekwestionowanym kr\u00f3lem jesli chodzi o popularno\u015b\u0107 w wysokiej klasy paskach do zegark\u00f3w. Sk\u00f3ry kt\u00f3re oferujemy s\u0105 najwy\u017cszej klasy europejskim produktem, garbowane specjalnie do pask\u00f3w zegarkowych &#8211;\u00a0 charakteryzuj\u0105 si\u0119 wysok\u0105 wytrzyma\u0142o\u015bci\u0105, antyalergiczo\u015bci\u0105, a tak\u017ce pi\u0119knym licem kt\u00f3re mo\u017ce by\u0107 wyko\u0144czone w po\u0142ysku, p\u00f3\u0142macie i macie. \u0141uska Aligatora wyr\u00f3\u017cnia si\u0119 idealn\u0105\u00a0 g\u0142adko\u015bci\u0105, pi\u0119knymi przej\u015bciami mi\u0119dzy kafelkami a tak\u017ce g\u0142ebokim efektem 3D, niezale\u017cnie od tego czy wybierzemy klasyczne kafelki czy owalne \u0142uski z\u00a0 bok\u00f3w.<\/p>\n<h3>Cena od 1200 z\u0142<\/h3>\n\n\t\t<\/div>\n\t<\/div>\n<div class=\"default vc_btn3-container vc_btn3-inline\" >\n\t<a class=\"vc_general vc_btn3 vc_btn3-size-md vc_btn3-shape-square vc_btn3-style-classic vc_btn3-color-black\" href=\"http:\/\/new.jfszymaniak.pl\/zamowienie\/\" title=\"Zam\u00f3wienie\">ZAM\u00d3W<\/a><\/div>\n<\/div><\/div><\/div><\/div>","protected":false},"excerpt":{"rendered":"Pasek JFS Aligator uznawany za najbardziej ekskluzywn\u0105 sk\u00f3r\u0119, jest niekwestionowanym kr\u00f3lem jesli chodzi o popularno\u015b\u0107 w wysokiej klasy paskach do zegark\u00f3w. Sk\u00f3ry kt\u00f3re oferujemy s\u0105 najwy\u017cszej klasy europejskim produktem, garbowane specjalnie do pask\u00f3w zegarkowych -\u00a0 charakteryzuj\u0105 si\u0119 wysok\u0105 wytrzyma\u0142o\u015bci\u0105, antyalergiczo\u015bci\u0105, a tak\u017ce pi\u0119knym licem kt\u00f3re mo\u017ce by\u0107 wyko\u0144czone w po\u0142ysku, p\u00f3\u0142macie i macie. \u0141uska Aligatora [...]","protected":false},"author":3,"featured_media":0,"parent":0,"menu_order":0,"comment_status":"closed","ping_status":"closed","template":"","meta":{"_monsterinsights_skip_tracking":false,"_monsterinsights_sitenote_active":false,"_monsterinsights_sitenote_note":"","_monsterinsights_sitenote_category":0,"footnotes":""},"class_list":["post-1421","page","type-page","status-publish","hentry","clearfix"],"_links":{"self":[{"href":"https:\/\/jfszymaniak.pl\/en\/wp-json\/wp\/v2\/pages\/1421","targetHints":{"allow":["GET"]}}],"collection":[{"href":"https:\/\/jfszymaniak.pl\/en\/wp-json\/wp\/v2\/pages"}],"about":[{"href":"https:\/\/jfszymaniak.pl\/en\/wp-json\/wp\/v2\/types\/page"}],"author":[{"embeddable":true,"href":"https:\/\/jfszymaniak.pl\/en\/wp-json\/wp\/v2\/users\/3"}],"replies":[{"embeddable":true,"href":"https:\/\/jfszymaniak.pl\/en\/wp-json\/wp\/v2\/comments?post=1421"}],"version-history":[{"count":8,"href":"https:\/\/jfszymaniak.pl\/en\/wp-json\/wp\/v2\/pages\/1421\/revisions"}],"predecessor-version":[{"id":2543,"href":"https:\/\/jfszymaniak.pl\/en\/wp-json\/wp\/v2\/pages\/1421\/revisions\/2543"}],"wp:attachment":[{"href":"https:\/\/jfszymaniak.pl\/en\/wp-json\/wp\/v2\/media?parent=1421"}],"curies":[{"name":"wp","href":"https:\/\/api.w.org\/{rel}","templated":true}]}}