{"id":1424,"date":"2020-04-23T21:36:04","date_gmt":"2020-04-23T19:36:04","guid":{"rendered":"http:\/\/new.jfszymaniak.pl\/?page_id=1424"},"modified":"2024-04-17T16:32:44","modified_gmt":"2024-04-17T14:32:44","slug":"paski-jfs-ammo-canvas","status":"publish","type":"page","link":"https:\/\/jfszymaniak.pl\/en\/paski-jfs-ammo-canvas\/","title":{"rendered":"Paski JFS Ammo"},"content":{"rendered":"<div class=\"vc_row wpb_row vc_row-fluid\"><div class=\"wpb_column vc_column_container vc_col-sm-6\"><div class=\"vc_column-inner\"><div class=\"wpb_wrapper\">\n<div class=\"vc_grid-container-wrapper vc_clearfix\">\n\t<div class=\"vc_grid-container vc_clearfix wpb_content_element vc_media_grid\" data-initial-loading-animation=\"none\" data-vc-grid-settings=\"{&quot;page_id&quot;:1424,&quot;style&quot;:&quot;pagination&quot;,&quot;action&quot;:&quot;vc_get_vc_grid_data&quot;,&quot;shortcode_id&quot;:&quot;1713364343148-bf2dbf3e-62f5-0&quot;,&quot;items_per_page&quot;:&quot;12&quot;,&quot;auto_play&quot;:true,&quot;gap&quot;:5,&quot;speed&quot;:8000,&quot;loop&quot;:&quot;yes&quot;,&quot;animation_in&quot;:&quot;&quot;,&quot;animation_out&quot;:&quot;&quot;,&quot;arrows_design&quot;:&quot;none&quot;,&quot;arrows_color&quot;:&quot;blue&quot;,&quot;arrows_position&quot;:&quot;inside&quot;,&quot;paging_design&quot;:&quot;pagination_default&quot;,&quot;paging_color&quot;:&quot;black&quot;,&quot;tag&quot;:&quot;vc_media_grid&quot;}\" data-vc-request=\"https:\/\/jfszymaniak.pl\/wp-admin\/admin-ajax.php\" data-vc-post-id=\"1424\" data-vc-public-nonce=\"705078abca\">\n\t\t\n\t<\/div>\n<\/div><\/div><\/div><\/div><div class=\"wpb_column vc_column_container vc_col-sm-6\"><div class=\"vc_column-inner\"><div class=\"wpb_wrapper\">\n\t<div class=\"wpb_text_column wpb_content_element\" >\n\t\t<div class=\"wpb_wrapper\">\n\t\t\t<h3><strong>Pasek JFS Ammo<\/strong><\/h3>\n<div>jedna ze specjalizacji pracowni to paski historyczne, powsta\u0142e z zabytkowych \u0142adownic i innych element\u00f3w wyposa\u017cenia wojskowego. Najbardziej znane to Swiss Ammo z oryginalnie zachowanymi puncami zak\u0142ad\u00f3w kaletniczych maj\u0105cych kontrakt z wojskiem. Swedish Ammo to z kolei paski z przepi\u0119knie wyprawionych sk\u00f3r ze szwedzkich garbarnii produkuj\u0105cych na potrzeby wojska, charakteryzuj\u0105ce si\u0119 miodowym kolorem i g\u0142ebok\u0105 struktur\u0105.<\/div>\n<h3>Cena od 700 z\u0142<\/h3>\n<h3><\/h3>\n\n\t\t<\/div>\n\t<\/div>\n<div class=\"default vc_btn3-container vc_btn3-inline\" >\n\t<a class=\"vc_general vc_btn3 vc_btn3-size-md vc_btn3-shape-square vc_btn3-style-classic vc_btn3-color-black\" href=\"http:\/\/new.jfszymaniak.pl\/zamowienie\/\" title=\"Zam\u00f3wienie\">ZAM\u00d3W<\/a><\/div>\n<\/div><\/div><\/div><\/div>","protected":false},"excerpt":{"rendered":"Pasek JFS Ammo jedna ze specjalizacji pracowni to paski historyczne, powsta\u0142e z zabytkowych \u0142adownic i innych element\u00f3w wyposa\u017cenia wojskowego. Najbardziej znane to Swiss Ammo z oryginalnie zachowanymi puncami zak\u0142ad\u00f3w kaletniczych maj\u0105cych kontrakt z wojskiem. Swedish Ammo to z kolei paski z przepi\u0119knie wyprawionych sk\u00f3r ze szwedzkich garbarnii produkuj\u0105cych na potrzeby wojska, charakteryzuj\u0105ce si\u0119 miodowym kolorem [...]","protected":false},"author":3,"featured_media":0,"parent":0,"menu_order":0,"comment_status":"closed","ping_status":"closed","template":"","meta":{"_monsterinsights_skip_tracking":false,"_monsterinsights_sitenote_active":false,"_monsterinsights_sitenote_note":"","_monsterinsights_sitenote_category":0,"footnotes":""},"class_list":["post-1424","page","type-page","status-publish","hentry","clearfix"],"_links":{"self":[{"href":"https:\/\/jfszymaniak.pl\/en\/wp-json\/wp\/v2\/pages\/1424","targetHints":{"allow":["GET"]}}],"collection":[{"href":"https:\/\/jfszymaniak.pl\/en\/wp-json\/wp\/v2\/pages"}],"about":[{"href":"https:\/\/jfszymaniak.pl\/en\/wp-json\/wp\/v2\/types\/page"}],"author":[{"embeddable":true,"href":"https:\/\/jfszymaniak.pl\/en\/wp-json\/wp\/v2\/users\/3"}],"replies":[{"embeddable":true,"href":"https:\/\/jfszymaniak.pl\/en\/wp-json\/wp\/v2\/comments?post=1424"}],"version-history":[{"count":8,"href":"https:\/\/jfszymaniak.pl\/en\/wp-json\/wp\/v2\/pages\/1424\/revisions"}],"predecessor-version":[{"id":2552,"href":"https:\/\/jfszymaniak.pl\/en\/wp-json\/wp\/v2\/pages\/1424\/revisions\/2552"}],"wp:attachment":[{"href":"https:\/\/jfszymaniak.pl\/en\/wp-json\/wp\/v2\/media?parent=1424"}],"curies":[{"name":"wp","href":"https:\/\/api.w.org\/{rel}","templated":true}]}}