{"id":1432,"date":"2020-04-23T21:39:27","date_gmt":"2020-04-23T19:39:27","guid":{"rendered":"http:\/\/new.jfszymaniak.pl\/?page_id=1432"},"modified":"2024-04-17T16:31:31","modified_gmt":"2024-04-17T14:31:31","slug":"pasek-jfs-krokodyl","status":"publish","type":"page","link":"https:\/\/jfszymaniak.pl\/en\/pasek-jfs-krokodyl\/","title":{"rendered":"Pasek JFS Krokodyl"},"content":{"rendered":"<div class=\"vc_row wpb_row vc_row-fluid\"><div class=\"wpb_column vc_column_container vc_col-sm-6\"><div class=\"vc_column-inner\"><div class=\"wpb_wrapper\">\n<div class=\"vc_grid-container-wrapper vc_clearfix\">\n\t<div class=\"vc_grid-container vc_clearfix wpb_content_element vc_media_grid\" data-initial-loading-animation=\"none\" data-vc-grid-settings=\"{&quot;page_id&quot;:1432,&quot;style&quot;:&quot;pagination&quot;,&quot;action&quot;:&quot;vc_get_vc_grid_data&quot;,&quot;shortcode_id&quot;:&quot;1713364280015-98406f51-61ea-4&quot;,&quot;items_per_page&quot;:&quot;12&quot;,&quot;auto_play&quot;:true,&quot;gap&quot;:5,&quot;speed&quot;:8000,&quot;loop&quot;:&quot;yes&quot;,&quot;animation_in&quot;:&quot;&quot;,&quot;animation_out&quot;:&quot;&quot;,&quot;arrows_design&quot;:&quot;none&quot;,&quot;arrows_color&quot;:&quot;blue&quot;,&quot;arrows_position&quot;:&quot;inside&quot;,&quot;paging_design&quot;:&quot;pagination_default&quot;,&quot;paging_color&quot;:&quot;black&quot;,&quot;tag&quot;:&quot;vc_media_grid&quot;}\" data-vc-request=\"https:\/\/jfszymaniak.pl\/wp-admin\/admin-ajax.php\" data-vc-post-id=\"1432\" data-vc-public-nonce=\"ea8ed45bf7\">\n\t\t\n\t<\/div>\n<\/div><\/div><\/div><\/div><div class=\"wpb_column vc_column_container vc_col-sm-6\"><div class=\"vc_column-inner\"><div class=\"wpb_wrapper\">\n\t<div class=\"wpb_text_column wpb_content_element\" >\n\t\t<div class=\"wpb_wrapper\">\n\t\t\t<h3><strong>Pasek JFS Krokodyl<\/strong><\/h3>\n<p>r\u00f3wnie ceniony co Aligator, posiada podobn\u0105 spr\u0119\u017cysto\u015b\u0107 sk\u00f3ry i g\u0142adko\u015b\u0107 kt\u00f3rej charakterystycznym elementem s\u0105 ma\u0142e receptory (w formie kropeczek) na \u0142uskach. Sk\u00f3ra krokodyla jest drug\u0105 najpopularniejsz\u0105 po Aligatorze, a uznane \u015bwiatowe garbarnie stale oferuj\u0105 ten produkt w swoich kolekcjach zar\u00f3wno na paski jak i inne elementy garderoby.<\/p>\n<h3>Cena od 1200 z\u0142<\/h3>\n\n\t\t<\/div>\n\t<\/div>\n<div class=\"default vc_btn3-container vc_btn3-inline\" >\n\t<a class=\"vc_general vc_btn3 vc_btn3-size-md vc_btn3-shape-square vc_btn3-style-classic vc_btn3-color-black\" href=\"http:\/\/new.jfszymaniak.pl\/zamowienie\/\" title=\"Zam\u00f3wienie\">ZAM\u00d3W<\/a><\/div>\n<\/div><\/div><\/div><\/div>","protected":false},"excerpt":{"rendered":"Pasek JFS Krokodyl r\u00f3wnie ceniony co Aligator, posiada podobn\u0105 spr\u0119\u017cysto\u015b\u0107 sk\u00f3ry i g\u0142adko\u015b\u0107 kt\u00f3rej charakterystycznym elementem s\u0105 ma\u0142e receptory (w formie kropeczek) na \u0142uskach. Sk\u00f3ra krokodyla jest drug\u0105 najpopularniejsz\u0105 po Aligatorze, a uznane \u015bwiatowe garbarnie stale oferuj\u0105 ten produkt w swoich kolekcjach zar\u00f3wno na paski jak i inne elementy garderoby. Cena od 1200 z\u0142 ZAM\u00d3W","protected":false},"author":3,"featured_media":0,"parent":0,"menu_order":0,"comment_status":"closed","ping_status":"closed","template":"","meta":{"_monsterinsights_skip_tracking":false,"_monsterinsights_sitenote_active":false,"_monsterinsights_sitenote_note":"","_monsterinsights_sitenote_category":0,"footnotes":""},"class_list":["post-1432","page","type-page","status-publish","hentry","clearfix"],"_links":{"self":[{"href":"https:\/\/jfszymaniak.pl\/en\/wp-json\/wp\/v2\/pages\/1432","targetHints":{"allow":["GET"]}}],"collection":[{"href":"https:\/\/jfszymaniak.pl\/en\/wp-json\/wp\/v2\/pages"}],"about":[{"href":"https:\/\/jfszymaniak.pl\/en\/wp-json\/wp\/v2\/types\/page"}],"author":[{"embeddable":true,"href":"https:\/\/jfszymaniak.pl\/en\/wp-json\/wp\/v2\/users\/3"}],"replies":[{"embeddable":true,"href":"https:\/\/jfszymaniak.pl\/en\/wp-json\/wp\/v2\/comments?post=1432"}],"version-history":[{"count":7,"href":"https:\/\/jfszymaniak.pl\/en\/wp-json\/wp\/v2\/pages\/1432\/revisions"}],"predecessor-version":[{"id":2550,"href":"https:\/\/jfszymaniak.pl\/en\/wp-json\/wp\/v2\/pages\/1432\/revisions\/2550"}],"wp:attachment":[{"href":"https:\/\/jfszymaniak.pl\/en\/wp-json\/wp\/v2\/media?parent=1432"}],"curies":[{"name":"wp","href":"https:\/\/api.w.org\/{rel}","templated":true}]}}