{"id":183,"date":"2018-02-06T09:32:49","date_gmt":"2018-02-06T09:32:49","guid":{"rendered":"https:\/\/demo.harutheme.com\/stber\/?page_id=183"},"modified":"2024-12-17T11:41:54","modified_gmt":"2024-12-17T10:41:54","slug":"contact-us","status":"publish","type":"page","link":"https:\/\/jfszymaniak.pl\/en\/contact-us\/","title":{"rendered":"Kontakt"},"content":{"rendered":"<div class=\"vc_row wpb_row vc_row-fluid\"><div class=\"wpb_column vc_column_container vc_col-sm-12\"><div class=\"vc_column-inner\"><div class=\"wpb_wrapper\"><div class=\"vc_row wpb_row vc_inner vc_row-fluid\"><div class=\"wpb_column vc_column_container vc_col-sm-2\"><div class=\"vc_column-inner\"><div class=\"wpb_wrapper\"><\/div><\/div><\/div><div class=\"wpb_column vc_column_container vc_col-sm-8\"><div class=\"vc_column-inner\"><div class=\"wpb_wrapper\"><h2 style=\"font-size: 34px;text-align: center\" class=\"vc_custom_heading heading_style_1\">Skontaktuj si\u0119 z nami w wygodny dla Ciebie spos\u00f3b<\/h2><\/div><\/div><\/div><div class=\"wpb_column vc_column_container vc_col-sm-2\"><div class=\"vc_column-inner\"><div class=\"wpb_wrapper\"><\/div><\/div><\/div><\/div><\/div><\/div><\/div><\/div><div class=\"vc_row wpb_row vc_row-fluid vc_custom_1519381625829\"><div class=\"wpb_column vc_column_container vc_col-sm-12\"><div class=\"vc_column-inner\"><div class=\"wpb_wrapper\"><div class=\"vc_row wpb_row vc_inner vc_row-fluid\"><div class=\"wpb_column vc_column_container vc_col-sm-4\"><div class=\"vc_column-inner\"><div class=\"wpb_wrapper\">            \n            <div class=\"\">\n                    <div class=\"icon-box-shortcode-wrap style_1\">\n        <div class=\"icon-box-container\">\n                    <div class=\"icon-wrap\" style=\"color:green\">\n                <span class=\"fas fa-phone\"><\/span>\n            <\/div>    \n                    <div class=\"icon-content\">\n                <h5 class=\"icon-title\">\n                                        Telefon                                    <\/h5>\n                <p class=\"icon-description\">Phone: +48 607 609 460<br \/>\nWhatsapp: +48 607 609 460<\/p>\n            <\/div>\n        <\/div>\n    <\/div>\n            <\/div>\n            \n        <\/div><\/div><\/div><div class=\"wpb_column vc_column_container vc_col-sm-4\"><div class=\"vc_column-inner\"><div class=\"wpb_wrapper\">            \n            <div class=\"\">\n                    <div class=\"icon-box-shortcode-wrap style_1\">\n        <div class=\"icon-box-container\">\n                    <div class=\"icon-wrap\" style=\"color:#cccccc\">\n                <span class=\"fas fa-address-card\"><\/span>\n            <\/div>    \n                    <div class=\"icon-content\">\n                <h5 class=\"icon-title\">\n                                        Adres                                    <\/h5>\n                <p class=\"icon-description\">J\u00f3zefa Hallera 14a<br \/>\n05-820 Piast\u00f3w<br \/>\n(Po wcze\u015bniejszym um\u00f3wieniu wizyty)<\/p>\n            <\/div>\n        <\/div>\n    <\/div>\n            <\/div>\n            \n        <\/div><\/div><\/div><div class=\"wpb_column vc_column_container vc_col-sm-4\"><div class=\"vc_column-inner\"><div class=\"wpb_wrapper\">            \n            <div class=\"\">\n                    <div class=\"icon-box-shortcode-wrap style_1\">\n        <div class=\"icon-box-container\">\n                    <div class=\"icon-wrap\" style=\"color:#cccccc\">\n                <span class=\"fas fa-envelope\"><\/span>\n            <\/div>    \n                    <div class=\"icon-content\">\n                <h5 class=\"icon-title\">\n                                        Email                                    <\/h5>\n                <p class=\"icon-description\">jf.szymaniak@gmail.com<\/p>\n            <\/div>\n        <\/div>\n    <\/div>\n            <\/div>\n            \n        <\/div><\/div><\/div><\/div><\/div><\/div><\/div><\/div><div class=\"vc_row wpb_row vc_row-fluid vc_custom_1519381580807\"><div class=\"wpb_column vc_column_container vc_col-sm-12\"><div class=\"vc_column-inner\"><div class=\"wpb_wrapper\"><div class=\"vc_row wpb_row vc_inner vc_row-fluid\"><div class=\"contact-intro wpb_column vc_column_container vc_col-sm-12\"><div class=\"vc_column-inner\"><div class=\"wpb_wrapper\"><h2 style=\"font-size: 34px;text-align: center\" class=\"vc_custom_heading heading_style_1\">Zostaw nam wiadomo\u015b\u0107<\/h2><\/div><\/div><\/div><\/div><div class=\"vc_row wpb_row vc_inner vc_row-fluid vc_custom_1525919540361\"><div class=\"wpb_column vc_column_container vc_col-sm-1\"><div class=\"vc_column-inner\"><div class=\"wpb_wrapper\"><\/div><\/div><\/div><div class=\"wpb_column vc_column_container vc_col-sm-10\"><div class=\"vc_column-inner\"><div class=\"wpb_wrapper\"><p class=\"wpcf7-contact-form-not-found\"><strong>Error:<\/strong> Contact form not found.<\/p><\/div><\/div><\/div><div class=\"wpb_column vc_column_container vc_col-sm-1\"><div class=\"vc_column-inner\"><div class=\"wpb_wrapper\"><\/div><\/div><\/div><\/div><\/div><\/div><\/div><\/div>","protected":false},"excerpt":{"rendered":"Skontaktuj si\u0119 z nami w wygodny dla Ciebie spos\u00f3b Telefon Phone: +48 607 609 460 Whatsapp: +48 607 609 460 Adres J\u00f3zefa Hallera 14a 05-820 Piast\u00f3w (Po wcze\u015bniejszym um\u00f3wieniu wizyty) Email jf.szymaniak@gmail.com Zostaw nam wiadomo\u015b\u0107Error: Contact form not found.","protected":false},"author":3,"featured_media":0,"parent":0,"menu_order":0,"comment_status":"closed","ping_status":"closed","template":"","meta":{"_monsterinsights_skip_tracking":false,"_monsterinsights_sitenote_active":false,"_monsterinsights_sitenote_note":"","_monsterinsights_sitenote_category":0,"footnotes":""},"class_list":["post-183","page","type-page","status-publish","hentry","clearfix"],"_links":{"self":[{"href":"https:\/\/jfszymaniak.pl\/en\/wp-json\/wp\/v2\/pages\/183","targetHints":{"allow":["GET"]}}],"collection":[{"href":"https:\/\/jfszymaniak.pl\/en\/wp-json\/wp\/v2\/pages"}],"about":[{"href":"https:\/\/jfszymaniak.pl\/en\/wp-json\/wp\/v2\/types\/page"}],"author":[{"embeddable":true,"href":"https:\/\/jfszymaniak.pl\/en\/wp-json\/wp\/v2\/users\/3"}],"replies":[{"embeddable":true,"href":"https:\/\/jfszymaniak.pl\/en\/wp-json\/wp\/v2\/comments?post=183"}],"version-history":[{"count":7,"href":"https:\/\/jfszymaniak.pl\/en\/wp-json\/wp\/v2\/pages\/183\/revisions"}],"predecessor-version":[{"id":2560,"href":"https:\/\/jfszymaniak.pl\/en\/wp-json\/wp\/v2\/pages\/183\/revisions\/2560"}],"wp:attachment":[{"href":"https:\/\/jfszymaniak.pl\/en\/wp-json\/wp\/v2\/media?parent=183"}],"curies":[{"name":"wp","href":"https:\/\/api.w.org\/{rel}","templated":true}]}}