{"id":185,"date":"2018-02-06T09:33:05","date_gmt":"2018-02-06T09:33:05","guid":{"rendered":"https:\/\/demo.harutheme.com\/stber\/?page_id=185"},"modified":"2020-07-27T17:59:41","modified_gmt":"2020-07-27T15:59:41","slug":"about-us","status":"publish","type":"page","link":"https:\/\/jfszymaniak.pl\/en\/about-us\/","title":{"rendered":"Jakub Filip Szymaniak"},"content":{"rendered":"<div class=\"vc_row wpb_row vc_row-fluid\"><div class=\"wpb_column vc_column_container vc_col-sm-12\"><div class=\"vc_column-inner\"><div class=\"wpb_wrapper\"><div class=\"vc_row wpb_row vc_inner vc_row-fluid\"><div class=\"wpb_column vc_column_container vc_col-sm-2\"><div class=\"vc_column-inner\"><div class=\"wpb_wrapper\"><\/div><\/div><\/div><div class=\"wpb_column vc_column_container vc_col-sm-8\"><div class=\"vc_column-inner\"><div class=\"wpb_wrapper\"><h2 style=\"font-size: 34px;text-align: center\" class=\"vc_custom_heading vc_custom_1587647865857 heading_style_1\">Nazywam si\u0119 Jakub<\/h2>\n\t<div class=\"wpb_text_column wpb_content_element  about-intro\" >\n\t\t<div class=\"wpb_wrapper\">\n\t\t\t<p>Jestem pasjonatem wysokiej klasy sk\u00f3rzanych\u00a0 akcesori\u00f3w i but\u00f3w, zegark\u00f3w oraz klasycznej m\u0119skiej elegancji. Prowadz\u0119 pracowni\u0119 sk\u00f3rzan\u0105 zajmuj\u0105c\u0105 si\u0119 r\u0119cznym wytwarzaniem na zam\u00f3wienie unikatowych pask\u00f3w do zegark\u00f3w oraz sk\u00f3rzanych akcesori\u00f3w.<\/p>\n<p>Jestem Cz\u0142onkiem <strong><a href=\"http:\/\/www.butwbutonierce.pl\/pl\/\">Stowarzyszenia But w Butonierce Bespoke Social Club<\/a><\/strong> kt\u00f3re promuje m.in. polskich rzemie\u015blnik\u00f3w \u2013 szewc\u00f3w, krawc\u00f3w oraz tw\u00f3rc\u00f3w artyku\u0142\u00f3w sk\u00f3rzanych.<\/p>\n<p>Zegarki to moja pasja, kt\u00f3rej jestem wierny od 2004 roku. By\u0142em wieloletnim cz\u0142onkiem Stowarzyszenia Klubu Mi\u0142o\u015bnik\u00f3w Zegar\u00f3w i Zegark\u00f3w oraz moderatorem <strong><a href=\"http:\/\/zegarkiclub.pl\/forum\/\">forum KMZiZ<\/a><\/strong>, a tak\u017ce cz\u0142onkiem redakcji najwi\u0119kszego polskiego magazynu zegarkowego <strong><a href=\"http:\/\/ch24.pl\/\">CH24.pl<\/a><\/strong><\/p>\n<p>Przez wiele lat zajmowa\u0142em si\u0119 zawodowo zegarkami pracuj\u0105c z najlepszymi szwajcarskimi markami jako doradca klienta i ekspert ds zegark\u00f3w, dzi\u0119ki czemu potrafi\u0119 idealnie dopasowa\u0107 pasek do charakteru i stylu zegarka.<\/p>\n<p>R\u0119cznie robione paski do zegark\u00f3w to moja prawdziwa pasja.<\/p>\n\n\t\t<\/div>\n\t<\/div>\n\n<div class=\"vc_grid-container-wrapper vc_clearfix\">\n\t<div class=\"vc_grid-container vc_clearfix wpb_content_element vc_media_grid\" data-initial-loading-animation=\"none\" data-vc-grid-settings=\"{&quot;page_id&quot;:185,&quot;style&quot;:&quot;all&quot;,&quot;action&quot;:&quot;vc_get_vc_grid_data&quot;,&quot;shortcode_id&quot;:&quot;1595865560412-92bbd8c1-6204-0&quot;,&quot;tag&quot;:&quot;vc_media_grid&quot;}\" data-vc-request=\"https:\/\/jfszymaniak.pl\/wp-admin\/admin-ajax.php\" data-vc-post-id=\"185\" data-vc-public-nonce=\"c71941ce19\">\n\t\t\n\t<\/div>\n<\/div><\/div><\/div><\/div><div class=\"wpb_column vc_column_container vc_col-sm-2\"><div class=\"vc_column-inner\"><div class=\"wpb_wrapper\"><\/div><\/div><\/div><\/div><div class=\"vc_row wpb_row vc_inner vc_row-fluid\"><div class=\"wpb_column vc_column_container vc_col-sm-2\"><div class=\"vc_column-inner\"><div class=\"wpb_wrapper\"><\/div><\/div><\/div><div class=\"wpb_column vc_column_container vc_col-sm-8\"><div class=\"vc_column-inner\"><div class=\"wpb_wrapper\"><h2 style=\"font-size: 34px;text-align: center\" class=\"vc_custom_heading vc_custom_1587648396474 heading_style_1\">W mojej pracowni J.F.Szymaniak<\/h2>\n\t<div class=\"wpb_text_column wpb_content_element  about-intro\" >\n\t\t<div class=\"wpb_wrapper\">\n\t\t\t<p>powstaj\u0105 nietuzinkowe akcesoria na zam\u00f3wienie, wykonane z wyj\u0105tkowych sk\u00f3r, z zastosowaniem tradycyjnych technik kaletniczych.\u00a0 Wieloletnie do\u015bwiadczenie z bran\u017cy zegark\u00f3w luksusowych po\u0142\u0105czone z zami\u0142owaniem do sk\u00f3ry i prawdziwego rzemios\u0142a pozwoli\u0142o stworzy\u0107 pracowni\u0119 w kt\u00f3rej specjalizujemy si\u0119 w paskach do ekskluzywnych zegark\u00f3w, oraz sk\u00f3rzanych akcesoriach w kt\u00f3rych dba\u0142o\u015b\u0107 o detale jest najwa\u017cniejsza. Wszystkie produkty szyte s\u0105 r\u0119cznie a zastosowane sk\u00f3ry pochodz\u0105 z najlepszych garbarni, pi\u0119knie oddaj\u0105c ducha czasu.<\/p>\n\n\t\t<\/div>\n\t<\/div>\n<\/div><\/div><\/div><div class=\"wpb_column vc_column_container vc_col-sm-2\"><div class=\"vc_column-inner\"><div class=\"wpb_wrapper\"><\/div><\/div><\/div><\/div><\/div><\/div><\/div><\/div><div class=\"vc_row wpb_row vc_row-fluid vc_custom_1519268684558\"><div class=\"wpb_column vc_column_container vc_col-sm-12\"><div class=\"vc_column-inner\"><div class=\"wpb_wrapper\"><div class=\"vc_row wpb_row vc_inner vc_row-fluid\"><div class=\"wpb_column vc_column_container vc_col-sm-12\"><div class=\"vc_column-inner\"><div class=\"wpb_wrapper\">\n\t<div  class=\"wpb_single_image wpb_content_element vc_align_center\">\n\t\t\n\t\t<figure class=\"wpb_wrapper vc_figure\">\n\t\t\t<div class=\"vc_single_image-wrapper   vc_box_border_grey\"><img loading=\"lazy\" decoding=\"async\" width=\"2048\" height=\"934\" src=\"https:\/\/jfszymaniak.pl\/wp-content\/uploads\/2020\/04\/OI000219_2.png\" class=\"vc_single_image-img attachment-full\" alt=\"\" srcset=\"https:\/\/jfszymaniak.pl\/wp-content\/uploads\/2020\/04\/OI000219_2.png 2048w, https:\/\/jfszymaniak.pl\/wp-content\/uploads\/2020\/04\/OI000219_2-300x137.png 300w, https:\/\/jfszymaniak.pl\/wp-content\/uploads\/2020\/04\/OI000219_2-1024x467.png 1024w, https:\/\/jfszymaniak.pl\/wp-content\/uploads\/2020\/04\/OI000219_2-768x350.png 768w, https:\/\/jfszymaniak.pl\/wp-content\/uploads\/2020\/04\/OI000219_2-1536x701.png 1536w, https:\/\/jfszymaniak.pl\/wp-content\/uploads\/2020\/04\/OI000219_2-600x274.png 600w\" sizes=\"auto, (max-width: 2048px) 100vw, 2048px\" \/><\/div>\n\t\t<\/figure>\n\t<\/div>\n<\/div><\/div><\/div><\/div><\/div><\/div><\/div><\/div>","protected":false},"excerpt":{"rendered":"Nazywam si\u0119 Jakub Jestem pasjonatem wysokiej klasy sk\u00f3rzanych\u00a0 akcesori\u00f3w i but\u00f3w, zegark\u00f3w oraz klasycznej m\u0119skiej elegancji. Prowadz\u0119 pracowni\u0119 sk\u00f3rzan\u0105 zajmuj\u0105c\u0105 si\u0119 r\u0119cznym wytwarzaniem na zam\u00f3wienie unikatowych pask\u00f3w do zegark\u00f3w oraz sk\u00f3rzanych akcesori\u00f3w. Jestem Cz\u0142onkiem Stowarzyszenia But w Butonierce Bespoke Social Club kt\u00f3re promuje m.in. polskich rzemie\u015blnik\u00f3w \u2013 szewc\u00f3w, krawc\u00f3w oraz tw\u00f3rc\u00f3w artyku\u0142\u00f3w sk\u00f3rzanych. Zegarki to [...]","protected":false},"author":3,"featured_media":0,"parent":0,"menu_order":0,"comment_status":"closed","ping_status":"closed","template":"","meta":{"_monsterinsights_skip_tracking":false,"_monsterinsights_sitenote_active":false,"_monsterinsights_sitenote_note":"","_monsterinsights_sitenote_category":0,"footnotes":""},"class_list":["post-185","page","type-page","status-publish","hentry","clearfix"],"_links":{"self":[{"href":"https:\/\/jfszymaniak.pl\/en\/wp-json\/wp\/v2\/pages\/185","targetHints":{"allow":["GET"]}}],"collection":[{"href":"https:\/\/jfszymaniak.pl\/en\/wp-json\/wp\/v2\/pages"}],"about":[{"href":"https:\/\/jfszymaniak.pl\/en\/wp-json\/wp\/v2\/types\/page"}],"author":[{"embeddable":true,"href":"https:\/\/jfszymaniak.pl\/en\/wp-json\/wp\/v2\/users\/3"}],"replies":[{"embeddable":true,"href":"https:\/\/jfszymaniak.pl\/en\/wp-json\/wp\/v2\/comments?post=185"}],"version-history":[{"count":5,"href":"https:\/\/jfszymaniak.pl\/en\/wp-json\/wp\/v2\/pages\/185\/revisions"}],"predecessor-version":[{"id":1996,"href":"https:\/\/jfszymaniak.pl\/en\/wp-json\/wp\/v2\/pages\/185\/revisions\/1996"}],"wp:attachment":[{"href":"https:\/\/jfszymaniak.pl\/en\/wp-json\/wp\/v2\/media?parent=185"}],"curies":[{"name":"wp","href":"https:\/\/api.w.org\/{rel}","templated":true}]}}