{"id":2109,"date":"2020-10-07T19:29:03","date_gmt":"2020-10-07T17:29:03","guid":{"rendered":"https:\/\/jfszymaniak.pl\/?page_id=2109"},"modified":"2024-04-17T16:30:31","modified_gmt":"2024-04-17T14:30:31","slug":"pasek-jfs-finnitura-anormale","status":"publish","type":"page","link":"https:\/\/jfszymaniak.pl\/en\/pasek-jfs-finnitura-anormale\/","title":{"rendered":"Pasek JFS Finnitura Anormale"},"content":{"rendered":"<div class=\"vc_row wpb_row vc_row-fluid\"><div class=\"wpb_column vc_column_container vc_col-sm-6\"><div class=\"vc_column-inner\"><div class=\"wpb_wrapper\">\n<div class=\"vc_grid-container-wrapper vc_clearfix\">\n\t<div class=\"vc_grid-container vc_clearfix wpb_content_element vc_media_grid\" data-initial-loading-animation=\"none\" data-vc-grid-settings=\"{&quot;page_id&quot;:2109,&quot;style&quot;:&quot;pagination&quot;,&quot;action&quot;:&quot;vc_get_vc_grid_data&quot;,&quot;shortcode_id&quot;:&quot;1713364216469-0edfa108-f294-6&quot;,&quot;items_per_page&quot;:&quot;12&quot;,&quot;auto_play&quot;:true,&quot;gap&quot;:5,&quot;speed&quot;:8000,&quot;loop&quot;:&quot;yes&quot;,&quot;animation_in&quot;:&quot;&quot;,&quot;animation_out&quot;:&quot;&quot;,&quot;arrows_design&quot;:&quot;none&quot;,&quot;arrows_color&quot;:&quot;blue&quot;,&quot;arrows_position&quot;:&quot;inside&quot;,&quot;paging_design&quot;:&quot;pagination_default&quot;,&quot;paging_color&quot;:&quot;black&quot;,&quot;tag&quot;:&quot;vc_media_grid&quot;}\" data-vc-request=\"https:\/\/jfszymaniak.pl\/wp-admin\/admin-ajax.php\" data-vc-post-id=\"2109\" data-vc-public-nonce=\"6e67969b0d\">\n\t\t\n\t<\/div>\n<\/div><\/div><\/div><\/div><div class=\"wpb_column vc_column_container vc_col-sm-6\"><div class=\"vc_column-inner\"><div class=\"wpb_wrapper\">\n\t<div class=\"wpb_text_column wpb_content_element\" >\n\t\t<div class=\"wpb_wrapper\">\n\t\t\t<h3><strong>Pasek JFS Finnitura Anormale<\/strong><\/h3>\n<p>W najnowszej kolekcji sk\u00f3r egzotycznych pochodz\u0105cych od jednego z najbardziej luksusowych toska\u0144skich producent\u00f3w postawi\u0142em nie tylko na klasyczne kolory, ale tak\u017ce na nietuzinkowe wyko\u0144czenia niespotykane dot\u0105d na polskim rynku. Poza rzadkimi r\u0119cznie tamponowanymi br\u0105zami mog\u0105 Pa\u0144stwo zobaczy\u0107 prawdziwe unikaty przywodz\u0105ce na my\u015bl drogocenne kamienie i inne elementy bi\u017cuterii wieczorowej.<\/p>\n<p>Zainteresowanych zapraszam r\u00f3wnie\u017c do mojego wpisu:\u00a0<a href=\"https:\/\/jfszymaniak.pl\/en\/pasek-jfs-finissimo-anormale\/\">Pasek JFS Finissimo Anormale<\/a><\/p>\n<h3>Cena od 1400 z\u0142<\/h3>\n\n\t\t<\/div>\n\t<\/div>\n<div class=\"default vc_btn3-container vc_btn3-inline\" >\n\t<a class=\"vc_general vc_btn3 vc_btn3-size-md vc_btn3-shape-square vc_btn3-style-classic vc_btn3-color-black\" href=\"http:\/\/new.jfszymaniak.pl\/zamowienie\/\" title=\"Zam\u00f3wienie\">ZAM\u00d3W<\/a><\/div>\n<\/div><\/div><\/div><\/div>","protected":false},"excerpt":{"rendered":"Pasek JFS Finnitura Anormale W najnowszej kolekcji sk\u00f3r egzotycznych pochodz\u0105cych od jednego z najbardziej luksusowych toska\u0144skich producent\u00f3w postawi\u0142em nie tylko na klasyczne kolory, ale tak\u017ce na nietuzinkowe wyko\u0144czenia niespotykane dot\u0105d na polskim rynku. Poza rzadkimi r\u0119cznie tamponowanymi br\u0105zami mog\u0105 Pa\u0144stwo zobaczy\u0107 prawdziwe unikaty przywodz\u0105ce na my\u015bl drogocenne kamienie i inne elementy bi\u017cuterii wieczorowej. Zainteresowanych zapraszam [...]","protected":false},"author":3,"featured_media":0,"parent":0,"menu_order":0,"comment_status":"closed","ping_status":"closed","template":"","meta":{"_monsterinsights_skip_tracking":false,"_monsterinsights_sitenote_active":false,"_monsterinsights_sitenote_note":"","_monsterinsights_sitenote_category":0,"footnotes":""},"class_list":["post-2109","page","type-page","status-publish","hentry","clearfix"],"_links":{"self":[{"href":"https:\/\/jfszymaniak.pl\/en\/wp-json\/wp\/v2\/pages\/2109","targetHints":{"allow":["GET"]}}],"collection":[{"href":"https:\/\/jfszymaniak.pl\/en\/wp-json\/wp\/v2\/pages"}],"about":[{"href":"https:\/\/jfszymaniak.pl\/en\/wp-json\/wp\/v2\/types\/page"}],"author":[{"embeddable":true,"href":"https:\/\/jfszymaniak.pl\/en\/wp-json\/wp\/v2\/users\/3"}],"replies":[{"embeddable":true,"href":"https:\/\/jfszymaniak.pl\/en\/wp-json\/wp\/v2\/comments?post=2109"}],"version-history":[{"count":6,"href":"https:\/\/jfszymaniak.pl\/en\/wp-json\/wp\/v2\/pages\/2109\/revisions"}],"predecessor-version":[{"id":2548,"href":"https:\/\/jfszymaniak.pl\/en\/wp-json\/wp\/v2\/pages\/2109\/revisions\/2548"}],"wp:attachment":[{"href":"https:\/\/jfszymaniak.pl\/en\/wp-json\/wp\/v2\/media?parent=2109"}],"curies":[{"name":"wp","href":"https:\/\/api.w.org\/{rel}","templated":true}]}}