{"id":2298,"date":"2021-09-21T17:01:11","date_gmt":"2021-09-21T15:01:11","guid":{"rendered":"https:\/\/jfszymaniak.pl\/?page_id=2298"},"modified":"2024-04-17T16:27:37","modified_gmt":"2024-04-17T14:27:37","slug":"pasek-jfs-aligator-doppio","status":"publish","type":"page","link":"https:\/\/jfszymaniak.pl\/en\/pasek-jfs-aligator-doppio\/","title":{"rendered":"Pasek JFS Aligator Doppio"},"content":{"rendered":"<div class=\"vc_row wpb_row vc_row-fluid\"><div class=\"wpb_column vc_column_container vc_col-sm-6\"><div class=\"vc_column-inner\"><div class=\"wpb_wrapper\">\n<div class=\"vc_grid-container-wrapper vc_clearfix\">\n\t<div class=\"vc_grid-container vc_clearfix wpb_content_element vc_media_grid\" data-initial-loading-animation=\"none\" data-vc-grid-settings=\"{&quot;page_id&quot;:2298,&quot;style&quot;:&quot;pagination&quot;,&quot;action&quot;:&quot;vc_get_vc_grid_data&quot;,&quot;shortcode_id&quot;:&quot;1713364044492-6a5291fa-5025-6&quot;,&quot;items_per_page&quot;:&quot;12&quot;,&quot;auto_play&quot;:true,&quot;gap&quot;:5,&quot;speed&quot;:8000,&quot;loop&quot;:&quot;yes&quot;,&quot;animation_in&quot;:&quot;&quot;,&quot;animation_out&quot;:&quot;&quot;,&quot;arrows_design&quot;:&quot;none&quot;,&quot;arrows_color&quot;:&quot;blue&quot;,&quot;arrows_position&quot;:&quot;inside&quot;,&quot;paging_design&quot;:&quot;pagination_default&quot;,&quot;paging_color&quot;:&quot;black&quot;,&quot;tag&quot;:&quot;vc_media_grid&quot;}\" data-vc-request=\"https:\/\/jfszymaniak.pl\/wp-admin\/admin-ajax.php\" data-vc-post-id=\"2298\" data-vc-public-nonce=\"a7d40de5ce\">\n\t\t\n\t<\/div>\n<\/div><\/div><\/div><\/div><div class=\"wpb_column vc_column_container vc_col-sm-6\"><div class=\"vc_column-inner\"><div class=\"wpb_wrapper\">\n\t<div class=\"wpb_text_column wpb_content_element\" >\n\t\t<div class=\"wpb_wrapper\">\n\t\t\t<p>Pasek JFS Aligator Doppio<\/p>\n<p>Aligator Doppio to najbardziej ekskluzywna wersja paska z aligatora.<\/p>\n<div dir=\"auto\">Na sp\u00f3d paska przeznaczono aligatora z mocnych, najcz\u0119\u015bciej okr\u0105g\u0142ych \u0142usek, a wierzch wie\u0144cz\u0105 klasyczne \u0142uski.<\/div>\n<div dir=\"auto\">Mo\u017cliwo\u015bci kreowania niecodziennych po\u0142\u0105cze\u0144 s\u0105 nieograniczone.<\/div>\n<p><strong>Cena od 1600 z\u0142<\/strong><\/p>\n\n\t\t<\/div>\n\t<\/div>\n<div class=\"default vc_btn3-container vc_btn3-inline\" >\n\t<a class=\"vc_general vc_btn3 vc_btn3-size-md vc_btn3-shape-square vc_btn3-style-classic vc_btn3-color-black\" href=\"http:\/\/new.jfszymaniak.pl\/zamowienie\/\" title=\"Zam\u00f3wienie\">ZAM\u00d3W<\/a><\/div>\n<\/div><\/div><\/div><\/div>","protected":false},"excerpt":{"rendered":"Pasek JFS Aligator Doppio Aligator Doppio to najbardziej ekskluzywna wersja paska z aligatora. Na sp\u00f3d paska przeznaczono aligatora z mocnych, najcz\u0119\u015bciej okr\u0105g\u0142ych \u0142usek, a wierzch wie\u0144cz\u0105 klasyczne \u0142uski. Mo\u017cliwo\u015bci kreowania niecodziennych po\u0142\u0105cze\u0144 s\u0105 nieograniczone. Cena od 1600 z\u0142 ZAM\u00d3W","protected":false},"author":2,"featured_media":0,"parent":0,"menu_order":0,"comment_status":"closed","ping_status":"closed","template":"","meta":{"_monsterinsights_skip_tracking":false,"_monsterinsights_sitenote_active":false,"_monsterinsights_sitenote_note":"","_monsterinsights_sitenote_category":0,"footnotes":""},"class_list":["post-2298","page","type-page","status-publish","hentry","clearfix"],"_links":{"self":[{"href":"https:\/\/jfszymaniak.pl\/en\/wp-json\/wp\/v2\/pages\/2298","targetHints":{"allow":["GET"]}}],"collection":[{"href":"https:\/\/jfszymaniak.pl\/en\/wp-json\/wp\/v2\/pages"}],"about":[{"href":"https:\/\/jfszymaniak.pl\/en\/wp-json\/wp\/v2\/types\/page"}],"author":[{"embeddable":true,"href":"https:\/\/jfszymaniak.pl\/en\/wp-json\/wp\/v2\/users\/2"}],"replies":[{"embeddable":true,"href":"https:\/\/jfszymaniak.pl\/en\/wp-json\/wp\/v2\/comments?post=2298"}],"version-history":[{"count":6,"href":"https:\/\/jfszymaniak.pl\/en\/wp-json\/wp\/v2\/pages\/2298\/revisions"}],"predecessor-version":[{"id":2544,"href":"https:\/\/jfszymaniak.pl\/en\/wp-json\/wp\/v2\/pages\/2298\/revisions\/2544"}],"wp:attachment":[{"href":"https:\/\/jfszymaniak.pl\/en\/wp-json\/wp\/v2\/media?parent=2298"}],"curies":[{"name":"wp","href":"https:\/\/api.w.org\/{rel}","templated":true}]}}