{"id":2439,"date":"2022-04-10T18:57:51","date_gmt":"2022-04-10T16:57:51","guid":{"rendered":"https:\/\/jfszymaniak.pl\/?page_id=2439"},"modified":"2024-04-17T16:26:26","modified_gmt":"2024-04-17T14:26:26","slug":"jfs-alligator-do-breitlinga","status":"publish","type":"page","link":"https:\/\/jfszymaniak.pl\/en\/jfs-alligator-do-breitlinga\/","title":{"rendered":"JFS Alligator do Breitlinga"},"content":{"rendered":"<div class=\"vc_row wpb_row vc_row-fluid\"><div class=\"wpb_column vc_column_container vc_col-sm-6\"><div class=\"vc_column-inner\"><div class=\"wpb_wrapper\">\n<div class=\"vc_grid-container-wrapper vc_clearfix\">\n\t<div class=\"vc_grid-container vc_clearfix wpb_content_element vc_media_grid\" data-initial-loading-animation=\"none\" data-vc-grid-settings=\"{&quot;page_id&quot;:2439,&quot;style&quot;:&quot;pagination&quot;,&quot;action&quot;:&quot;vc_get_vc_grid_data&quot;,&quot;shortcode_id&quot;:&quot;1713363973444-34ff8ebd-8730-9&quot;,&quot;items_per_page&quot;:&quot;12&quot;,&quot;auto_play&quot;:true,&quot;gap&quot;:5,&quot;speed&quot;:8000,&quot;loop&quot;:&quot;yes&quot;,&quot;animation_in&quot;:&quot;&quot;,&quot;animation_out&quot;:&quot;&quot;,&quot;arrows_design&quot;:&quot;none&quot;,&quot;arrows_color&quot;:&quot;blue&quot;,&quot;arrows_position&quot;:&quot;inside&quot;,&quot;paging_design&quot;:&quot;pagination_default&quot;,&quot;paging_color&quot;:&quot;black&quot;,&quot;tag&quot;:&quot;vc_media_grid&quot;}\" data-vc-request=\"https:\/\/jfszymaniak.pl\/wp-admin\/admin-ajax.php\" data-vc-post-id=\"2439\" data-vc-public-nonce=\"01190a68f3\">\n\t\t\n\t<\/div>\n<\/div><\/div><\/div><\/div><div class=\"wpb_column vc_column_container vc_col-sm-6\"><div class=\"vc_column-inner\"><div class=\"wpb_wrapper\">\n\t<div class=\"wpb_text_column wpb_content_element\" >\n\t\t<div class=\"wpb_wrapper\">\n\t\t\t<p><strong>Pasek JFS Aligator do Breitlinga<\/strong><\/p>\n<p>W ofercie na zam\u00f3wienie posiadamy unikatowe paski do Breitlinga w technologii &#8220;Super Thick&#8221;, czyli bardzo grube i jednocze\u015bnie ultra wygodne. Gruby pasek z Aligatora pasuje \u015bwietnie do masywnych modeli zegark\u00f3w Breitling Navitimer, Avenger, Colt i nie tylko.<\/p>\n<h3>Cena od 1300 z\u0142<\/h3>\n\n\t\t<\/div>\n\t<\/div>\n<div class=\"default vc_btn3-container vc_btn3-inline\" >\n\t<a class=\"vc_general vc_btn3 vc_btn3-size-md vc_btn3-shape-square vc_btn3-style-classic vc_btn3-color-black\" href=\"http:\/\/new.jfszymaniak.pl\/zamowienie\/\" title=\"Zam\u00f3wienie\">ZAM\u00d3W<\/a><\/div>\n<\/div><\/div><\/div><\/div>","protected":false},"excerpt":{"rendered":"Pasek JFS Aligator do Breitlinga W ofercie na zam\u00f3wienie posiadamy unikatowe paski do Breitlinga w technologii \"Super Thick\", czyli bardzo grube i jednocze\u015bnie ultra wygodne. Gruby pasek z Aligatora pasuje \u015bwietnie do masywnych modeli zegark\u00f3w Breitling Navitimer, Avenger, Colt i nie tylko. Cena od 1300 z\u0142 ZAM\u00d3W","protected":false},"author":3,"featured_media":0,"parent":0,"menu_order":0,"comment_status":"closed","ping_status":"closed","template":"","meta":{"_monsterinsights_skip_tracking":false,"_monsterinsights_sitenote_active":false,"_monsterinsights_sitenote_note":"","_monsterinsights_sitenote_category":0,"footnotes":""},"class_list":["post-2439","page","type-page","status-publish","hentry","clearfix"],"_links":{"self":[{"href":"https:\/\/jfszymaniak.pl\/en\/wp-json\/wp\/v2\/pages\/2439","targetHints":{"allow":["GET"]}}],"collection":[{"href":"https:\/\/jfszymaniak.pl\/en\/wp-json\/wp\/v2\/pages"}],"about":[{"href":"https:\/\/jfszymaniak.pl\/en\/wp-json\/wp\/v2\/types\/page"}],"author":[{"embeddable":true,"href":"https:\/\/jfszymaniak.pl\/en\/wp-json\/wp\/v2\/users\/3"}],"replies":[{"embeddable":true,"href":"https:\/\/jfszymaniak.pl\/en\/wp-json\/wp\/v2\/comments?post=2439"}],"version-history":[{"count":2,"href":"https:\/\/jfszymaniak.pl\/en\/wp-json\/wp\/v2\/pages\/2439\/revisions"}],"predecessor-version":[{"id":2542,"href":"https:\/\/jfszymaniak.pl\/en\/wp-json\/wp\/v2\/pages\/2439\/revisions\/2542"}],"wp:attachment":[{"href":"https:\/\/jfszymaniak.pl\/en\/wp-json\/wp\/v2\/media?parent=2439"}],"curies":[{"name":"wp","href":"https:\/\/api.w.org\/{rel}","templated":true}]}}